{"id":417,"date":"2021-07-30T12:53:57","date_gmt":"2021-07-30T10:53:57","guid":{"rendered":"https:\/\/poligonosanmartin.eus\/?page_id=417"},"modified":"2021-08-03T11:56:35","modified_gmt":"2021-08-03T09:56:35","slug":"ezagutu-poligonoa","status":"publish","type":"page","link":"https:\/\/poligonosanmartin.eus\/eu\/ezagutu-poligonoa\/","title":{"rendered":"Ezagutu Poligonoa"},"content":{"rendered":"<div class=\"wpb-content-wrapper\"><p>[vc_section full_width=&#8221;stretch_row&#8221; css=&#8221;.vc_custom_1626081232263{margin-top: -50px !important;padding-top: 100px !important;padding-bottom: 70px !important;background-image: url(http:\/\/poligonosanmartin.eus\/wp-content\/uploads\/2021\/06\/fondo-mapa.jpg?id=158) !important;}&#8221;][vc_row full_width=&#8221;stretch_row&#8221; gap=&#8221;30&#8243; equal_height=&#8221;yes&#8221; el_class=&#8221;hero&#8221;][vc_column css=&#8221;.vc_custom_1625209876147{padding-top: 30px !important;}&#8221; offset=&#8221;vc_col-lg-4 vc_col-md-4&#8243;][vc_column_text]<\/p>\n<h2 class=\"pretitulo-pagina azul\">INDUSTRIALDEA MUSKIZEN<\/h2>\n<p>[\/vc_column_text][vc_column_text css=&#8221;.vc_custom_1627630797209{padding-top: 5px !important;}&#8221;]<\/p>\n<h2 class=\"titulo-pagina\">Aldea markatuko dugu<\/h2>\n<p>[\/vc_column_text][vc_row_inner equal_height=&#8221;yes&#8221; gap=&#8221;30&#8243; css=&#8221;.vc_custom_1625056529625{margin-top: 35px !important;}&#8221;][vc_column_inner el_class=&#8221;sombra-caja-blanca min-height&#8221; css=&#8221;.vc_custom_1625210904516{padding-top: 30px !important;padding-right: 30px !important;padding-left: 30px !important;background-color: #ffffff !important;}&#8221;][vc_column_text]<\/p>\n<h3 class=\"azul\">Ekipamendua<\/h3>\n<p>[\/vc_column_text][vc_column_text css=&#8221;.vc_custom_1627630868568{padding-top: 30px !important;}&#8221;]57.000 m2 baino gehiago, mota guztietako industria-jarduerak egiteko[\/vc_column_text][vc_single_image image=&#8221;155&#8243; img_size=&#8221;full&#8221; alignment=&#8221;center&#8221; css=&#8221;.vc_custom_1625210453876{margin-top: 30px !important;}&#8221; el_class=&#8221;numeros-img&#8221;][\/vc_column_inner][\/vc_row_inner][\/vc_column][vc_column offset=&#8221;vc_col-lg-8 vc_col-md-8&#8243;][vc_row_inner equal_height=&#8221;yes&#8221; gap=&#8221;30&#8243;][vc_column_inner el_class=&#8221;sombra-caja-blanca min-height&#8221; width=&#8221;1\/2&#8243; css=&#8221;.vc_custom_1625210894804{padding-top: 30px !important;padding-right: 30px !important;padding-left: 30px !important;background-color: #ffffff !important;}&#8221;][vc_column_text]<\/p>\n<h3 class=\"azul\">Instalazioak<\/h3>\n<p>[\/vc_column_text][vc_column_text css=&#8221;.vc_custom_1627631023206{padding-top: 30px !important;}&#8221;]Kokapen ezin hobea Muskizen, N-634 errepidearen ondoan eta A-8 autobidetik eta Supersurretik gertu. Aireportuaren hurbiltasuna.[\/vc_column_text][vc_single_image image=&#8221;156&#8243; img_size=&#8221;full&#8221; alignment=&#8221;center&#8221; css=&#8221;.vc_custom_1625211270883{margin-top: 45px !important;}&#8221; el_class=&#8221;numeros-img&#8221;][\/vc_column_inner][vc_column_inner el_class=&#8221;sombra-caja-blanca min-height&#8221; width=&#8221;1\/2&#8243; css=&#8221;.vc_custom_1625210899227{padding-top: 30px !important;padding-right: 30px !important;padding-left: 30px !important;background-color: #ffffff !important;}&#8221;][vc_column_text]<\/p>\n<h3 class=\"azul\">Komunitatea<\/h3>\n<p>[\/vc_column_text][vc_column_text css=&#8221;.vc_custom_1627631200011{padding-top: 30px !important;}&#8221;]Ezkerraldeko eta Meatzaldeko eremu eta industrialde askotatik hurbil (Pol. El Campillo, Abra Industrial, Pol. Aurrera, Meatzaldeko Parke Teknologikoa, Bilboko Superportua, Aparkabisa, etab.[\/vc_column_text][vc_single_image image=&#8221;216&#8243; img_size=&#8221;full&#8221; alignment=&#8221;center&#8221; css=&#8221;.vc_custom_1625211229148{margin-top: 20px !important;}&#8221; el_class=&#8221;numeros-img&#8221;][\/vc_column_inner][\/vc_row_inner][\/vc_column][\/vc_row][\/vc_section][vc_section css=&#8221;.vc_custom_1625060919299{margin-top: 120px !important;}&#8221;][vc_row equal_height=&#8221;yes&#8221;][vc_column width=&#8221;1\/2&#8243; css=&#8221;.vc_custom_1625208775803{padding-top: 40px !important;padding-right: 30px !important;padding-bottom: 30px !important;padding-left: 30px !important;}&#8221; offset=&#8221;vc_col-lg-3 vc_col-md-3&#8243;][vc_single_image image=&#8221;396&#8243; img_size=&#8221;full&#8221; el_class=&#8221;icono&#8221;][vc_column_text css=&#8221;.vc_custom_1627631356986{margin-top: 25px !important;}&#8221;]<\/p>\n<h3 class=\"titulo-icono\">Kokaleku<\/h3>\n<p>[\/vc_column_text][vc_column_text css=&#8221;.vc_custom_1627631536795{margin-top: 15px !important;}&#8221;]Kokapen ona, Bilboko portutik eta autobidetik gertu. Autoan edo trenean garraiatzeko erraztasuna eta sarbide egokia.[\/vc_column_text][\/vc_column][vc_column width=&#8221;1\/2&#8243; css=&#8221;.vc_custom_1625832683911{padding-top: 300px !important;background: #cecece url(http:\/\/poligonosanmartin.eus\/wp-content\/uploads\/2021\/07\/localizacion.jpg?id=393) !important;background-position: center !important;background-repeat: no-repeat !important;background-size: cover !important;}&#8221; offset=&#8221;vc_col-lg-3 vc_col-md-3&#8243;][\/vc_column][vc_column width=&#8221;1\/2&#8243; css=&#8221;.vc_custom_1625208827923{padding-top: 40px !important;padding-right: 30px !important;padding-bottom: 30px !important;padding-left: 30px !important;}&#8221; offset=&#8221;vc_col-lg-3 vc_col-md-3&#8243;][vc_single_image image=&#8221;395&#8243; img_size=&#8221;full&#8221; el_class=&#8221;icono&#8221;][vc_column_text css=&#8221;.vc_custom_1627631816705{margin-top: 25px !important;}&#8221;]<\/p>\n<h3 class=\"titulo-icono\">Kudeaketa eta aholkularitza<\/h3>\n<p>[\/vc_column_text][vc_column_text css=&#8221;.vc_custom_1627631870124{margin-top: 15px !important;}&#8221;]Industrialdearen kontserbazio-batzarraren kudeaketa eta Meatzaldeko Behargintza Eskualdeko Garapen Agentziaren aholkularitza ditugu[\/vc_column_text][\/vc_column][vc_column width=&#8221;1\/2&#8243; css=&#8221;.vc_custom_1625832417839{padding-top: 300px !important;background: #d1d1d1 url(http:\/\/poligonosanmartin.eus\/wp-content\/uploads\/2021\/07\/asesoramiento.jpg?id=391) !important;background-position: center !important;background-repeat: no-repeat !important;background-size: cover !important;}&#8221; offset=&#8221;vc_col-lg-3 vc_col-md-3&#8243;][\/vc_column][\/vc_row][vc_row equal_height=&#8221;yes&#8221;][vc_column width=&#8221;1\/2&#8243; css=&#8221;.vc_custom_1625832826479{padding-top: 300px !important;background: #cecece url(http:\/\/poligonosanmartin.eus\/wp-content\/uploads\/2021\/07\/red.jpg?id=394) !important;background-position: center !important;background-repeat: no-repeat !important;background-size: cover !important;}&#8221; offset=&#8221;vc_col-lg-3 vc_col-md-3&#8243;][\/vc_column][vc_column width=&#8221;1\/2&#8243; css=&#8221;.vc_custom_1625208827923{padding-top: 40px !important;padding-right: 30px !important;padding-bottom: 30px !important;padding-left: 30px !important;}&#8221; offset=&#8221;vc_col-lg-3 vc_col-md-3&#8243;][vc_single_image image=&#8221;397&#8243; img_size=&#8221;full&#8221; el_class=&#8221;icono&#8221;][vc_column_text css=&#8221;.vc_custom_1627631907614{margin-top: 25px !important;}&#8221;]<\/p>\n<h3 class=\"titulo-icono\">Enpresen sarea<\/h3>\n<p>[\/vc_column_text][vc_column_text css=&#8221;.vc_custom_1627631951656{margin-top: 15px !important;}&#8221;]Enpresen artean sinergia handia duten enpresen okupazio-maila handia. Horrela, hornitzaileen eta hornikuntzen sare bat sortzen da.[\/vc_column_text][\/vc_column][vc_column width=&#8221;1\/2&#8243; css=&#8221;.vc_custom_1625832397394{padding-top: 300px !important;background: #d1d1d1 url(http:\/\/poligonosanmartin.eus\/wp-content\/uploads\/2021\/07\/videovigilancia.jpg?id=392) !important;background-position: center !important;background-repeat: no-repeat !important;background-size: cover !important;}&#8221; offset=&#8221;vc_col-lg-3 vc_col-md-3&#8243;][\/vc_column][vc_column width=&#8221;1\/2&#8243; css=&#8221;.vc_custom_1625208775803{padding-top: 40px !important;padding-right: 30px !important;padding-bottom: 30px !important;padding-left: 30px !important;}&#8221; offset=&#8221;vc_col-lg-3 vc_col-md-3&#8243;][vc_single_image image=&#8221;398&#8243; img_size=&#8221;full&#8221; el_class=&#8221;icono&#8221;][vc_column_text css=&#8221;.vc_custom_1627632031218{margin-top: 25px !important;}&#8221;]<\/p>\n<h3 class=\"titulo-icono\">Bideozaintza<\/h3>\n<p>[\/vc_column_text][vc_column_text css=&#8221;.vc_custom_1627632186054{margin-top: 15px !important;}&#8221;]Poligonoa kontrolatzea bideozaintzaren bidez. Industrialdeko enpresa eta pertsona guztien babesa.[\/vc_column_text][\/vc_column][\/vc_row][\/vc_section][vc_section full_width=&#8221;stretch_row&#8221; css=&#8221;.vc_custom_1625061261121{margin-top: 120px !important;background-image: url(http:\/\/poligonosanmartin.eus\/wp-content\/uploads\/2021\/06\/fnd-numeros.jpg?id=164) !important;background-position: center !important;background-repeat: no-repeat !important;background-size: cover !important;}&#8221;][vc_row equal_height=&#8221;yes&#8221;][vc_column width=&#8221;1\/3&#8243; css=&#8221;.vc_custom_1625208102985{padding-top: 100px !important;padding-bottom: 100px !important;background-position: center !important;background-repeat: no-repeat !important;background-size: cover !important;}&#8221;][vc_column_text]<\/p>\n<p class=\"blanco numeros centrado\">57.000<br \/>\nm\u00b2<\/p>\n<p>[\/vc_column_text][vc_column_text]<\/p>\n<p class=\"blanco numeros-texto centrado\">INSTALAZIOAK<\/p>\n<p>[\/vc_column_text][\/vc_column][vc_column width=&#8221;1\/3&#8243; css=&#8221;.vc_custom_1625208109808{padding-top: 100px !important;padding-bottom: 100px !important;background-position: center !important;background-repeat: no-repeat !important;background-size: cover !important;}&#8221; el_class=&#8221;columna-fondo-degradado&#8221;][vc_column_text]<\/p>\n<p class=\"blanco numeros centrado\">20<br \/>\nbaino gehiago<\/p>\n<p>[\/vc_column_text][vc_column_text]<\/p>\n<p class=\"blanco numeros-texto centrado\">ENPRESA AKTIBOAK<\/p>\n<p>[\/vc_column_text][\/vc_column][vc_column width=&#8221;1\/3&#8243; css=&#8221;.vc_custom_1625208116920{padding-top: 100px !important;padding-bottom: 100px !important;}&#8221;][vc_column_text]<\/p>\n<p class=\"blanco numeros centrado\">80 milioi<br \/>\nbaino gehiago<\/p>\n<p>[\/vc_column_text][vc_column_text]<\/p>\n<p class=\"blanco numeros-texto centrado\">URTEKO FAKTURAZIOA<\/p>\n<p>[\/vc_column_text][\/vc_column][\/vc_row][\/vc_section][vc_section css=&#8221;.vc_custom_1625136769952{margin-top: 90px !important;}&#8221;][vc_row][vc_column css=&#8221;.vc_custom_1625136514882{background-position: center !important;background-repeat: no-repeat !important;background-size: cover !important;}&#8221;][vc_column_text]<\/p>\n<h2 class=\"pretitulo-pagina azul centrado\">ENTITATE LAGUNTZAILEAK<\/h2>\n<p>[\/vc_column_text][vc_column_text css=&#8221;.vc_custom_1627632772680{padding-top: 5px !important;}&#8221;]<\/p>\n<h2 class=\"titulo-pagina centrado\">Jarduera ekonomikoa babesten<\/h2>\n<p>[\/vc_column_text][\/vc_column][\/vc_row][vc_row gap=&#8221;35&#8243; equal_height=&#8221;yes&#8221; css=&#8221;.vc_custom_1625209736048{margin-top: 60px !important;}&#8221;][vc_column width=&#8221;1\/2&#8243; el_class=&#8221;sombra-logos&#8221; offset=&#8221;vc_col-lg-3 vc_col-md-3 vc_col-xs-6&#8243;][vc_single_image image=&#8221;207&#8243; img_size=&#8221;full&#8221; alignment=&#8221;center&#8221; onclick=&#8221;custom_link&#8221; img_link_target=&#8221;_blank&#8221; image_hovers=&#8221;false&#8221; link=&#8221;https:\/\/web.bizkaia.eus\/eu\/hasiera&#8221;][\/vc_column][vc_column width=&#8221;1\/2&#8243; el_class=&#8221;sombra-logos&#8221; offset=&#8221;vc_col-lg-3 vc_col-md-3 vc_col-xs-6&#8243;][vc_single_image image=&#8221;210&#8243; img_size=&#8221;full&#8221; alignment=&#8221;center&#8221; onclick=&#8221;custom_link&#8221; img_link_target=&#8221;_blank&#8221; image_hovers=&#8221;false&#8221; link=&#8221;http:\/\/www.muskiz.org\/eu-ES\/Orriak\/default.aspx&#8221;][\/vc_column][vc_column width=&#8221;1\/2&#8243; el_class=&#8221;sombra-logos&#8221; offset=&#8221;vc_col-lg-3 vc_col-md-3 vc_col-xs-6&#8243;][vc_single_image image=&#8221;209&#8243; img_size=&#8221;full&#8221; alignment=&#8221;center&#8221; onclick=&#8221;custom_link&#8221; img_link_target=&#8221;_blank&#8221; image_hovers=&#8221;false&#8221; link=&#8221;https:\/\/www.behargintza-zm.com\/eu\/&#8221;][\/vc_column][vc_column width=&#8221;1\/2&#8243; offset=&#8221;vc_col-lg-3 vc_col-md-3 vc_col-xs-6&#8243; el_class=&#8221;sombra-logos&#8221;][vc_single_image image=&#8221;208&#8243; img_size=&#8221;full&#8221; alignment=&#8221;center&#8221; onclick=&#8221;custom_link&#8221; img_link_target=&#8221;_blank&#8221; image_hovers=&#8221;false&#8221; link=&#8221;https:\/\/www.spri.eus\/&#8221;][\/vc_column][\/vc_row][\/vc_section][vc_row][vc_column]<div class=\"templatera_shortcode\"><style type=\"text\/css\" data-type=\"vc_shortcodes-default-css\">.vc_do_btn{margin-bottom:22px;}<\/style><style type=\"text\/css\" data-type=\"vc_shortcodes-custom-css\">.vc_custom_1625127174474{margin-top: 80px !important;margin-bottom: -50px !important;padding-top: 90px !important;padding-bottom: 83px !important;background: #a0a0a0 url(http:\/\/poligonosanmartin.eus\/wp-content\/uploads\/2021\/07\/cta-color-fondo.jpg?id=189) !important;background-position: center !important;background-repeat: no-repeat !important;background-size: cover !important;}.vc_custom_1625122826827{padding-top: 40px !important;padding-left: 45px !important;background-color: #ffffff !important;}.vc_custom_1627984207029{margin-right: 30px !important;}.vc_custom_1627984192653{margin-top: 30px !important;margin-right: 30px !important;}.vc_custom_1625121798639{margin-top: 45px !important;margin-right: 30px !important;}.vc_custom_1625207541363{margin-top: 30px !important;}.vc_custom_1625207561899{margin-top: 30px !important;margin-right: 30px !important;}.vc_custom_1627984170394{margin-top: 40px !important;}<\/style><section data-vc-full-width=\"true\" data-vc-full-width-init=\"false\" class=\"vc_section fondo-cta vc_custom_1625127174474 vc_section-has-fill\"><div class=\"vc_row wpb_row vc_row-fluid vc_column-gap-30\"><div class=\"wpb_column vc_column_container vc_col-sm-4 vc_col-lg-6 vc_col-md-6\"><div class=\"vc_column-inner\"><div class=\"wpb_wrapper\"><\/div><\/div><\/div><div class=\"sombra caja-blanca-cta wpb_column vc_column_container vc_col-sm-8 vc_col-lg-6 vc_col-md-6 vc_col-has-fill\"><div class=\"vc_column-inner vc_custom_1625122826827\"><div class=\"wpb_wrapper\">\n\t<div class=\"wpb_text_column wpb_content_element  vc_custom_1627984207029\" >\n\t\t<div class=\"wpb_wrapper\">\n\t\t\t<h2>Jarri gurekin harremanetan<\/h2>\n\n\t\t<\/div>\n\t<\/div>\n\n\t<div class=\"wpb_text_column wpb_content_element  vc_custom_1627984192653\" >\n\t\t<div class=\"wpb_wrapper\">\n\t\t\t<p>Pozik argituko dizkizugu zure zalantza guztiak<\/p>\n\n\t\t<\/div>\n\t<\/div>\n\n\t<div class=\"wpb_raw_code wpb_raw_html wpb_content_element vc_custom_1625121798639\" >\n\t\t<div class=\"wpb_wrapper\">\n\t\t\t<a href=\"https:\/\/goo.gl\/maps\/MFdrMTsLF3e2pq1J8\" target=\"_blank\" class=\"enlace-infobox-empresas\">\n<div class=\"infobox-empresas\">\n<i class=\"fas fa-map-marker-alt direccion\"><\/i>\n<p class=\"infobox-texto\">Pol\u00edgono Industrial San Mart\u00edn. 48550 Muskiz. Bizkaia<\/p>\n<\/div> \n\n<\/a>\n\t\t<\/div>\n\t<\/div>\n\n\t<div class=\"wpb_raw_code wpb_raw_html wpb_content_element vc_custom_1625207541363\" >\n\t\t<div class=\"wpb_wrapper\">\n\t\t\t<a href=\"mailto:info@poligonosanmartin.eus\" class=\"enlace-infobox-empresas\">\n<div class=\"infobox-empresas\">\n<i class=\"fas fa-envelope email\"><\/i>\n<p class=\"infobox-texto\">info@poligonosanmartin.eus<\/p>\n<\/div> \n\n<\/a>\n\t\t<\/div>\n\t<\/div>\n\n\t<div class=\"wpb_raw_code wpb_raw_html wpb_content_element vc_custom_1625207561899\" >\n\t\t<div class=\"wpb_wrapper\">\n\t\t\t<a href=\"tel:944044958\" class=\"enlace-infobox-empresas\">\n<div class=\"infobox-empresas\">\n<i class=\"fas fa-phone-alt telefono\"><\/i>\n<p class=\"infobox-texto\">94 404 49 58<\/p>\n<\/div> \n\n<\/a>\n\t\t<\/div>\n\t<\/div>\n<div class=\"vc_btn3-container  boton-flecha boton-naranja hover-negro vc_btn3-right vc_custom_1627984170394\" ><a class=\"vc_general vc_btn3 vc_btn3-size-md vc_btn3-shape-square vc_btn3-style-flat vc_btn3-color-grey\" href=\"\/eu\/kontaktua\/\" title=\"\">Eskatu informazioa<\/a><\/div><\/div><\/div><\/div><\/div><\/section><div class=\"vc_row-full-width vc_clearfix\"><\/div><\/div>[\/vc_column][\/vc_row]<\/p>\n<\/div>","protected":false},"excerpt":{"rendered":"<p>INDUSTRIALDEA MUSKIZEN Aldea markatuko dugu Ekipamendua 57.000 m2 baino gehiago, mota guztietako industria-jarduerak egiteko Instalazioak Kokapen ezin hobea Muskizen, N-634 errepidearen ondoan eta A-8 autobidetik eta Supersurretik gertu. Aireportuaren hurbiltasuna. Komunitatea Ezkerraldeko eta Meatzaldeko eremu eta industrialde askotatik hurbil (Pol. El Campillo, Abra Industrial, Pol. Aurrera, Meatzaldeko Parke Teknologikoa, Bilboko Superportua, Aparkabisa, etab. Kokaleku Kokapen&hellip;<\/p>\n","protected":false},"author":1,"featured_media":0,"parent":0,"menu_order":0,"comment_status":"closed","ping_status":"closed","template":"","meta":{"_acf_changed":false,"footnotes":""},"class_list":["post-417","page","type-page","status-publish","hentry","description-off"],"acf":[],"yoast_head":"<!-- This site is optimized with the Yoast SEO plugin v25.3 - https:\/\/yoast.com\/wordpress\/plugins\/seo\/ -->\n<title>Ezagutu Poligonoa - Pol\u00edgono San Mart\u00edn<\/title>\n<meta name=\"robots\" content=\"index, follow, max-snippet:-1, max-image-preview:large, max-video-preview:-1\" \/>\n<link rel=\"canonical\" href=\"https:\/\/poligonosanmartin.eus\/eu\/ezagutu-poligonoa\/\" \/>\n<meta property=\"og:locale\" content=\"eu_ES\" \/>\n<meta property=\"og:type\" content=\"article\" \/>\n<meta property=\"og:title\" content=\"Ezagutu Poligonoa - Pol\u00edgono San Mart\u00edn\" \/>\n<meta property=\"og:url\" content=\"https:\/\/poligonosanmartin.eus\/eu\/ezagutu-poligonoa\/\" \/>\n<meta property=\"og:site_name\" content=\"Pol\u00edgono San Mart\u00edn\" \/>\n<meta property=\"article:modified_time\" content=\"2021-08-03T09:56:35+00:00\" \/>\n<meta name=\"twitter:card\" content=\"summary_large_image\" \/>\n<meta name=\"twitter:label1\" content=\"Est. reading time\" \/>\n\t<meta name=\"twitter:data1\" content=\"3 minutes\" \/>\n<script type=\"application\/ld+json\" class=\"yoast-schema-graph\">{\"@context\":\"https:\/\/schema.org\",\"@graph\":[{\"@type\":\"WebPage\",\"@id\":\"https:\/\/poligonosanmartin.eus\/eu\/ezagutu-poligonoa\/\",\"url\":\"https:\/\/poligonosanmartin.eus\/eu\/ezagutu-poligonoa\/\",\"name\":\"Ezagutu Poligonoa - Pol\u00edgono San Mart\u00edn\",\"isPartOf\":{\"@id\":\"https:\/\/poligonosanmartin.eus\/#website\"},\"datePublished\":\"2021-07-30T10:53:57+00:00\",\"dateModified\":\"2021-08-03T09:56:35+00:00\",\"breadcrumb\":{\"@id\":\"https:\/\/poligonosanmartin.eus\/eu\/ezagutu-poligonoa\/#breadcrumb\"},\"inLanguage\":\"eu-ES\",\"potentialAction\":[{\"@type\":\"ReadAction\",\"target\":[\"https:\/\/poligonosanmartin.eus\/eu\/ezagutu-poligonoa\/\"]}]},{\"@type\":\"BreadcrumbList\",\"@id\":\"https:\/\/poligonosanmartin.eus\/eu\/ezagutu-poligonoa\/#breadcrumb\",\"itemListElement\":[{\"@type\":\"ListItem\",\"position\":1,\"name\":\"Portada\",\"item\":\"https:\/\/poligonosanmartin.eus\/eu\/poligono-industrial-san-martin\/\"},{\"@type\":\"ListItem\",\"position\":2,\"name\":\"Ezagutu Poligonoa\"}]},{\"@type\":\"WebSite\",\"@id\":\"https:\/\/poligonosanmartin.eus\/#website\",\"url\":\"https:\/\/poligonosanmartin.eus\/\",\"name\":\"Pol\u00edgono San Mart\u00edn\",\"description\":\"Pol\u00edgono Industrial San Mart\u00edn en Muskiz\",\"publisher\":{\"@id\":\"https:\/\/poligonosanmartin.eus\/#organization\"},\"potentialAction\":[{\"@type\":\"SearchAction\",\"target\":{\"@type\":\"EntryPoint\",\"urlTemplate\":\"https:\/\/poligonosanmartin.eus\/?s={search_term_string}\"},\"query-input\":{\"@type\":\"PropertyValueSpecification\",\"valueRequired\":true,\"valueName\":\"search_term_string\"}}],\"inLanguage\":\"eu-ES\"},{\"@type\":\"Organization\",\"@id\":\"https:\/\/poligonosanmartin.eus\/#organization\",\"name\":\"Poligono San Martin\",\"url\":\"https:\/\/poligonosanmartin.eus\/\",\"logo\":{\"@type\":\"ImageObject\",\"inLanguage\":\"eu-ES\",\"@id\":\"https:\/\/poligonosanmartin.eus\/#\/schema\/logo\/image\/\",\"url\":\"http:\/\/poligonosanmartin.eus\/wp-content\/uploads\/2021\/07\/poligono-san-martin-logox2.png\",\"contentUrl\":\"http:\/\/poligonosanmartin.eus\/wp-content\/uploads\/2021\/07\/poligono-san-martin-logox2.png\",\"width\":600,\"height\":125,\"caption\":\"Poligono San Martin\"},\"image\":{\"@id\":\"https:\/\/poligonosanmartin.eus\/#\/schema\/logo\/image\/\"}}]}<\/script>\n<!-- \/ Yoast SEO plugin. -->","yoast_head_json":{"title":"Ezagutu Poligonoa - Pol\u00edgono San Mart\u00edn","robots":{"index":"index","follow":"follow","max-snippet":"max-snippet:-1","max-image-preview":"max-image-preview:large","max-video-preview":"max-video-preview:-1"},"canonical":"https:\/\/poligonosanmartin.eus\/eu\/ezagutu-poligonoa\/","og_locale":"eu_ES","og_type":"article","og_title":"Ezagutu Poligonoa - Pol\u00edgono San Mart\u00edn","og_url":"https:\/\/poligonosanmartin.eus\/eu\/ezagutu-poligonoa\/","og_site_name":"Pol\u00edgono San Mart\u00edn","article_modified_time":"2021-08-03T09:56:35+00:00","twitter_card":"summary_large_image","twitter_misc":{"Est. reading time":"3 minutes"},"schema":{"@context":"https:\/\/schema.org","@graph":[{"@type":"WebPage","@id":"https:\/\/poligonosanmartin.eus\/eu\/ezagutu-poligonoa\/","url":"https:\/\/poligonosanmartin.eus\/eu\/ezagutu-poligonoa\/","name":"Ezagutu Poligonoa - Pol\u00edgono San Mart\u00edn","isPartOf":{"@id":"https:\/\/poligonosanmartin.eus\/#website"},"datePublished":"2021-07-30T10:53:57+00:00","dateModified":"2021-08-03T09:56:35+00:00","breadcrumb":{"@id":"https:\/\/poligonosanmartin.eus\/eu\/ezagutu-poligonoa\/#breadcrumb"},"inLanguage":"eu-ES","potentialAction":[{"@type":"ReadAction","target":["https:\/\/poligonosanmartin.eus\/eu\/ezagutu-poligonoa\/"]}]},{"@type":"BreadcrumbList","@id":"https:\/\/poligonosanmartin.eus\/eu\/ezagutu-poligonoa\/#breadcrumb","itemListElement":[{"@type":"ListItem","position":1,"name":"Portada","item":"https:\/\/poligonosanmartin.eus\/eu\/poligono-industrial-san-martin\/"},{"@type":"ListItem","position":2,"name":"Ezagutu Poligonoa"}]},{"@type":"WebSite","@id":"https:\/\/poligonosanmartin.eus\/#website","url":"https:\/\/poligonosanmartin.eus\/","name":"Pol\u00edgono San Mart\u00edn","description":"Pol\u00edgono Industrial San Mart\u00edn en Muskiz","publisher":{"@id":"https:\/\/poligonosanmartin.eus\/#organization"},"potentialAction":[{"@type":"SearchAction","target":{"@type":"EntryPoint","urlTemplate":"https:\/\/poligonosanmartin.eus\/?s={search_term_string}"},"query-input":{"@type":"PropertyValueSpecification","valueRequired":true,"valueName":"search_term_string"}}],"inLanguage":"eu-ES"},{"@type":"Organization","@id":"https:\/\/poligonosanmartin.eus\/#organization","name":"Poligono San Martin","url":"https:\/\/poligonosanmartin.eus\/","logo":{"@type":"ImageObject","inLanguage":"eu-ES","@id":"https:\/\/poligonosanmartin.eus\/#\/schema\/logo\/image\/","url":"http:\/\/poligonosanmartin.eus\/wp-content\/uploads\/2021\/07\/poligono-san-martin-logox2.png","contentUrl":"http:\/\/poligonosanmartin.eus\/wp-content\/uploads\/2021\/07\/poligono-san-martin-logox2.png","width":600,"height":125,"caption":"Poligono San Martin"},"image":{"@id":"https:\/\/poligonosanmartin.eus\/#\/schema\/logo\/image\/"}}]}},"_links":{"self":[{"href":"https:\/\/poligonosanmartin.eus\/eu\/wp-json\/wp\/v2\/pages\/417","targetHints":{"allow":["GET"]}}],"collection":[{"href":"https:\/\/poligonosanmartin.eus\/eu\/wp-json\/wp\/v2\/pages"}],"about":[{"href":"https:\/\/poligonosanmartin.eus\/eu\/wp-json\/wp\/v2\/types\/page"}],"author":[{"embeddable":true,"href":"https:\/\/poligonosanmartin.eus\/eu\/wp-json\/wp\/v2\/users\/1"}],"replies":[{"embeddable":true,"href":"https:\/\/poligonosanmartin.eus\/eu\/wp-json\/wp\/v2\/comments?post=417"}],"version-history":[{"count":5,"href":"https:\/\/poligonosanmartin.eus\/eu\/wp-json\/wp\/v2\/pages\/417\/revisions"}],"predecessor-version":[{"id":484,"href":"https:\/\/poligonosanmartin.eus\/eu\/wp-json\/wp\/v2\/pages\/417\/revisions\/484"}],"wp:attachment":[{"href":"https:\/\/poligonosanmartin.eus\/eu\/wp-json\/wp\/v2\/media?parent=417"}],"curies":[{"name":"wp","href":"https:\/\/api.w.org\/{rel}","templated":true}]}}