{"id":428,"date":"2021-07-30T12:55:11","date_gmt":"2021-07-30T10:55:11","guid":{"rendered":"https:\/\/poligonosanmartin.eus\/?page_id=428"},"modified":"2021-08-03T12:04:23","modified_gmt":"2021-08-03T10:04:23","slug":"kontserbazio-batzordea","status":"publish","type":"page","link":"https:\/\/poligonosanmartin.eus\/eu\/kontserbazio-batzordea\/","title":{"rendered":"Kontserbazio Batzordea"},"content":{"rendered":"<div class=\"wpb-content-wrapper\"><p>[vc_row css=&#8221;.vc_custom_1625212003569{margin-top: 30px !important;}&#8221;][vc_column][vc_column_text]Kontserbazio Batzordeak sektoreko instalazioak eta zerbitzuak mantentzeko eta kontserbatzeko jarduerak egingo ditu, beharrezko konponketak barne, honako instalazio eta zerbitzu hauetan:[\/vc_column_text][vc_column_text]<\/p>\n<ul class=\"lista-no-decoracion\">\n<li><span class=\"azul bold\">a)<\/span> Sektore barruko ur-hornidurako sarea.<\/li>\n<li><span class=\"azul bold\">b)<\/span> Hidratatzaileen eta ureztatzaileen sarea, Udalari dagokion kontsumoa izan ezik<\/li>\n<li><span class=\"azul bold\">c)<\/span> Saneamendu- eta estolderia-sarea, Bilbao-Bizkaia Ur Partzuergoaren eskumenekoak direnak izan ezik.<\/li>\n<li><span class=\"azul bold\">d)<\/span> Energia elektrikoaren sarea, Iberdrolaren eskumenekoak direnak izan ezik.<\/li>\n<li><span class=\"azul bold\">e)<\/span> Argiteria publikoko sarea eta farolak, bonbillak aldatzea eta kontsumoa izan ezik, horiek Udalaren kontura izango baitira.<\/li>\n<li><span class=\"azul bold\">f)<\/span> Telefonia eta telekomunikazioen sarea, konpainia hornitzaileen eskumenekoak direnak izan ezik<\/li>\n<li><span class=\"azul bold\">g)<\/span> Bide-sarea (galtzadak, espaloiak eta aparkalekuak), seinaleztapen bertikala eta horizontala eta berdeguneak barne, salbu eta garbiketa, Muskizko Udalaren kontura izango baita.<\/li>\n<\/ul>\n<p>[\/vc_column_text][\/vc_column][\/vc_row][vc_row css=&#8221;.vc_custom_1625212153676{margin-top: 45px !important;}&#8221;][vc_column][vc_column_text]<\/p>\n<h3>Iraupena<\/h3>\n<p>[\/vc_column_text][vc_column_text css=&#8221;.vc_custom_1627634809008{margin-top: 25px !important;}&#8221;]Kontserbazio Batzordeak bederatzi urteko iraupena izanen du, S.I. industria sektoreko urbanizazio obrak jasotzen direnetik hasita.\u00a01- San Martin Muskizko Udalaren izenean.[\/vc_column_text][\/vc_column][\/vc_row][vc_row css=&#8221;.vc_custom_1625212153676{margin-top: 45px !important;}&#8221;][vc_column][vc_column_text]<\/p>\n<h3>Konpentsazioa Kontserbatzeko Batzordearen osaera<\/h3>\n<p>[\/vc_column_text][vc_column_text css=&#8221;.vc_custom_1627634948332{margin-top: 25px !important;}&#8221;]Kontserbazio Batzordeko kide dira S.I. industria sektoreko finken jabe guztiak.. 1- San Martin.<\/p>\n<p>Kontserbazio Batzordeko kideek beren izenean eta ordezkaritzan parte hartu ahal izango dute, edo, bestela, behar bezala egiaztatutako ordezkari edo ahaldun baten bidez.[\/vc_column_text][\/vc_column][\/vc_row][vc_row css=&#8221;.vc_custom_1625212153676{margin-top: 45px !important;}&#8221;][vc_column][vc_column_text]<\/p>\n<h3>Partaidetza-kuotak<\/h3>\n<p>[\/vc_column_text][vc_column_text css=&#8221;.vc_custom_1627639805299{margin-top: 25px !important;}&#8221;]Kontserbazio Batzordeko kide bakoitzaren partaidetza-kuota dagokion partzelaren azalerarekiko proportzionala izango da, edo partzela bakoitzaren barruan sortzen diren Dibisio Horizontalen elementu pribatibo bakoitzari dagokionarekiko proportzionala.<\/p>\n<p>Kuota horrek zehazten ditu, ehunekotan, jabe bakoitzari dagozkion kudeaketatik eratorritako eskubide eta betebeharrak.<\/p>\n<p>8. artikuluan ezarritakoaren arabera, jabekideen taldeko ordezkari bakoitzak bere partaidetza-kuota izango du Kontserbazio Batzordean, eta kuota hori Jabetza Erregistroak emandako ziurtagiriaren bidez zehaztuko da<\/p>\n<p>Esleitutako partaidetza-kuotek Kontserbazio Batzordeko kide bakoitzaren portzentajezko botoa adieraziko dute.<br \/>\nJabe berriak sartuz gero, bakoitzari kuota bat esleituko zaio, eta gainerako kideei dagozkienak egokitu egingo dira.[\/vc_column_text][\/vc_column][\/vc_row][vc_row css=&#8221;.vc_custom_1625212153676{margin-top: 45px !important;}&#8221;][vc_column][vc_column_text]<\/p>\n<h3>Bazkideen zuzenbidea<\/h3>\n<p>[\/vc_column_text][vc_column_text css=&#8221;.vc_custom_1627635629933{margin-top: 25px !important;}&#8221;]Kontserbazio Batzordeko kideek eskubide eta betebehar berberak izango dituzte, beren kuotaren arabera, batzarrera sartzeko legezko unea edozein izanda ere.<\/p>\n<p>Batzarrak ukitutako sektorearen finkaren jabetza galdu ezean, ezin zaio uko egin bertako kide izateari, eta, horren ondorioz, baita izaera horri datxezkion eskubide eta betebeharrei ere.<\/p>\n<p>Elkartekideek eskubide hauek dituzte:[\/vc_column_text][vc_column_text]<\/p>\n<ul class=\"lista-no-decoracion\">\n<li><span class=\"azul bold\">a)<\/span> Batzar Nagusiaren bileretan hitzarekin eta botoarekin parte hartzea, bakoitzak bere partaidetza-kuotaren arabera.<\/li>\n<li><span class=\"azul bold\">b)<\/span> Bere jabetzako lurrak besterentzen badira, eskuratzaile berria saltzailearen eskubide eta betebeharretan subrogatuko da Kontserbazio Batzordearen barruan. Eskualdaketa modu frogagarrian jakinarazten ez den bitartean, saltzailea izango da kudeaketa erkideak dakartzan betebeharren erantzule.<\/li>\n<li><span class=\"azul bold\">c)<\/span> Batzordearen kudeaketa- eta administrazio-organoetako kideak aukeratzea, eta horretarako aukeratuak izatea.<\/li>\n<li><span class=\"azul bold\">d)<\/span> Kontserbazio Batzordeko gobernu-organoen erabakiak eta ebazpenak aurkaratzea.<\/li>\n<li><span class=\"azul bold\">e)<\/span> Batzordeko organoen jardunari buruzko informazioa lortzea.<\/li>\n<li><span class=\"azul bold\">f)<\/span> Proposamenak eta iradokizunak aurkeztea.<\/li>\n<li><span class=\"azul bold\">g)<\/span> Estatutu hauen eta aplikatu beharreko legezko xedapenen arabera dagozkien gainerako eskubideak.<\/li>\n<\/ul>\n<p>[\/vc_column_text][\/vc_column][\/vc_row][vc_row css=&#8221;.vc_custom_1625212153676{margin-top: 45px !important;}&#8221;][vc_column][vc_column_text]<\/p>\n<h3>Bazkideen betebeharrak<\/h3>\n<p>[\/vc_column_text][vc_column_text css=&#8221;.vc_custom_1627637666887{margin-top: 25px !important;}&#8221;]Kontserbazio Batzordeko kideek betebehar hauek izango dituzte:[\/vc_column_text][vc_column_text]<\/p>\n<ul class=\"lista-no-decoracion\">\n<li><span class=\"azul bold\">a)<\/span> Finkaren titulartasuna egiaztatzen duten agiriak Kontserbazio Batzordeko Idazkaritzan entregatzea.<\/li>\n<li><span class=\"azul bold\">b)<\/span> Kontserbazio Batzordeko organoek hartutako erabakiak betetzea, egon daitezkeen errekurtsoei kalterik egin gabe.<\/li>\n<li><span class=\"azul bold\">c)<\/span> Zehaztu, Kontserbazio Batzordera sartu ziren unean, helbide bat jakinarazpenetarako, eta, ondorengo aldaketak egiteaz gain, horretarako Batzordearen Idazkarian gordeko den Erregistroan jasoko da.<\/li>\n<li><span class=\"azul bold\">d)<\/span> Urbanizazio-obrak kontserbatzeko dagozkion kuotak edo kopuruak ordaintzea, estatutu hauetan ezarritakoaren arabera.<\/li>\n<li><span class=\"azul bold\">e)<\/span> Conservazio Junteari hitz egin, kezka hilabeteko bat, eskubide ostentatuak edo berdin zati bat transmitatzea.<\/li>\n<li><span class=\"azul bold\">f)<\/span> Kontserbazio Batzarraren gastuei aurre egiteko behar diren zenbatekoak garaiz ordaintzea.<\/li>\n<li><span class=\"azul bold\">g)<\/span> Finka pribatiboak kontserbazio-egoera onean mantentzea, eta Batzordeak kontserbatutako obra eta instalazioei egin dakiekeen edozein kalte ordaintzea.<\/li>\n<li><span class=\"azul bold\">h)<\/span> Kontserbaziorako jarduerek hala eskatzen dutenean, finka pribatuetara sartzen uztea; nolanahi ere, jarduketak ahalik eta kalte eta eragozpen gutxien eraginez eta, hala badagokio, sor daitezkeenak ordainduz egingo dira.<\/li>\n<li><span class=\"azul bold\">i)<\/span> Estatutu hauen, hirigintza-legediaren eta plangintza-aginduen arabera dagozkien gainerako betebeharrak.<\/li>\n<\/ul>\n<p>[\/vc_column_text][\/vc_column][\/vc_row][vc_row][vc_column]<div class=\"templatera_shortcode\"><style type=\"text\/css\" data-type=\"vc_shortcodes-default-css\">.vc_do_btn{margin-bottom:22px;}<\/style><style type=\"text\/css\" data-type=\"vc_shortcodes-custom-css\">.vc_custom_1625127174474{margin-top: 80px !important;margin-bottom: -50px !important;padding-top: 90px !important;padding-bottom: 83px !important;background: #a0a0a0 url(http:\/\/poligonosanmartin.eus\/wp-content\/uploads\/2021\/07\/cta-color-fondo.jpg?id=189) !important;background-position: center !important;background-repeat: no-repeat !important;background-size: cover !important;}.vc_custom_1625122826827{padding-top: 40px !important;padding-left: 45px !important;background-color: #ffffff !important;}.vc_custom_1627984207029{margin-right: 30px !important;}.vc_custom_1627984192653{margin-top: 30px !important;margin-right: 30px !important;}.vc_custom_1625121798639{margin-top: 45px !important;margin-right: 30px !important;}.vc_custom_1625207541363{margin-top: 30px !important;}.vc_custom_1625207561899{margin-top: 30px !important;margin-right: 30px !important;}.vc_custom_1627984170394{margin-top: 40px !important;}<\/style><section data-vc-full-width=\"true\" data-vc-full-width-init=\"false\" class=\"vc_section fondo-cta vc_custom_1625127174474 vc_section-has-fill\"><div class=\"vc_row wpb_row vc_row-fluid vc_column-gap-30\"><div class=\"wpb_column vc_column_container vc_col-sm-4 vc_col-lg-6 vc_col-md-6\"><div class=\"vc_column-inner\"><div class=\"wpb_wrapper\"><\/div><\/div><\/div><div class=\"sombra caja-blanca-cta wpb_column vc_column_container vc_col-sm-8 vc_col-lg-6 vc_col-md-6 vc_col-has-fill\"><div class=\"vc_column-inner vc_custom_1625122826827\"><div class=\"wpb_wrapper\">\n\t<div class=\"wpb_text_column wpb_content_element  vc_custom_1627984207029\" >\n\t\t<div class=\"wpb_wrapper\">\n\t\t\t<h2>Jarri gurekin harremanetan<\/h2>\n\n\t\t<\/div>\n\t<\/div>\n\n\t<div class=\"wpb_text_column wpb_content_element  vc_custom_1627984192653\" >\n\t\t<div class=\"wpb_wrapper\">\n\t\t\t<p>Pozik argituko dizkizugu zure zalantza guztiak<\/p>\n\n\t\t<\/div>\n\t<\/div>\n\n\t<div class=\"wpb_raw_code wpb_raw_html wpb_content_element vc_custom_1625121798639\" >\n\t\t<div class=\"wpb_wrapper\">\n\t\t\t<a href=\"https:\/\/goo.gl\/maps\/MFdrMTsLF3e2pq1J8\" target=\"_blank\" class=\"enlace-infobox-empresas\">\n<div class=\"infobox-empresas\">\n<i class=\"fas fa-map-marker-alt direccion\"><\/i>\n<p class=\"infobox-texto\">Pol\u00edgono Industrial San Mart\u00edn. 48550 Muskiz. Bizkaia<\/p>\n<\/div> \n\n<\/a>\n\t\t<\/div>\n\t<\/div>\n\n\t<div class=\"wpb_raw_code wpb_raw_html wpb_content_element vc_custom_1625207541363\" >\n\t\t<div class=\"wpb_wrapper\">\n\t\t\t<a href=\"mailto:info@poligonosanmartin.eus\" class=\"enlace-infobox-empresas\">\n<div class=\"infobox-empresas\">\n<i class=\"fas fa-envelope email\"><\/i>\n<p class=\"infobox-texto\">info@poligonosanmartin.eus<\/p>\n<\/div> \n\n<\/a>\n\t\t<\/div>\n\t<\/div>\n\n\t<div class=\"wpb_raw_code wpb_raw_html wpb_content_element vc_custom_1625207561899\" >\n\t\t<div class=\"wpb_wrapper\">\n\t\t\t<a href=\"tel:944044958\" class=\"enlace-infobox-empresas\">\n<div class=\"infobox-empresas\">\n<i class=\"fas fa-phone-alt telefono\"><\/i>\n<p class=\"infobox-texto\">94 404 49 58<\/p>\n<\/div> \n\n<\/a>\n\t\t<\/div>\n\t<\/div>\n<div class=\"vc_btn3-container  boton-flecha boton-naranja hover-negro vc_btn3-right vc_custom_1627984170394\" ><a class=\"vc_general vc_btn3 vc_btn3-size-md vc_btn3-shape-square vc_btn3-style-flat vc_btn3-color-grey\" href=\"\/eu\/kontaktua\/\" title=\"\">Eskatu informazioa<\/a><\/div><\/div><\/div><\/div><\/div><\/section><div class=\"vc_row-full-width vc_clearfix\"><\/div><\/div>[\/vc_column][\/vc_row]<\/p>\n<\/div>","protected":false},"excerpt":{"rendered":"<p>Kontserbazio Batzordeak sektoreko instalazioak eta zerbitzuak mantentzeko eta kontserbatzeko jarduerak egingo ditu, beharrezko konponketak barne, honako instalazio eta zerbitzu hauetan: a) Sektore barruko ur-hornidurako sarea. b) Hidratatzaileen eta ureztatzaileen sarea, Udalari dagokion kontsumoa izan ezik c) Saneamendu- eta estolderia-sarea, Bilbao-Bizkaia Ur Partzuergoaren eskumenekoak direnak izan ezik. d) Energia elektrikoaren sarea, Iberdrolaren eskumenekoak direnak izan ezik.&hellip;<\/p>\n","protected":false},"author":1,"featured_media":0,"parent":0,"menu_order":0,"comment_status":"closed","ping_status":"closed","template":"","meta":{"_acf_changed":false,"footnotes":""},"class_list":["post-428","page","type-page","status-publish","hentry","description-off"],"acf":[],"yoast_head":"<!-- This site is optimized with the Yoast SEO plugin v25.3 - https:\/\/yoast.com\/wordpress\/plugins\/seo\/ -->\n<title>Kontserbazio Batzordea - Pol\u00edgono San Mart\u00edn<\/title>\n<meta name=\"robots\" content=\"index, follow, max-snippet:-1, max-image-preview:large, max-video-preview:-1\" \/>\n<link rel=\"canonical\" href=\"https:\/\/poligonosanmartin.eus\/eu\/kontserbazio-batzordea\/\" \/>\n<meta property=\"og:locale\" content=\"eu_ES\" \/>\n<meta property=\"og:type\" content=\"article\" \/>\n<meta property=\"og:title\" content=\"Kontserbazio Batzordea - Pol\u00edgono San Mart\u00edn\" \/>\n<meta property=\"og:url\" content=\"https:\/\/poligonosanmartin.eus\/eu\/kontserbazio-batzordea\/\" \/>\n<meta property=\"og:site_name\" content=\"Pol\u00edgono San Mart\u00edn\" \/>\n<meta property=\"article:modified_time\" content=\"2021-08-03T10:04:23+00:00\" \/>\n<meta name=\"twitter:card\" content=\"summary_large_image\" \/>\n<meta name=\"twitter:label1\" content=\"Est. reading time\" \/>\n\t<meta name=\"twitter:data1\" content=\"3 minutes\" \/>\n<script type=\"application\/ld+json\" class=\"yoast-schema-graph\">{\"@context\":\"https:\/\/schema.org\",\"@graph\":[{\"@type\":\"WebPage\",\"@id\":\"https:\/\/poligonosanmartin.eus\/eu\/kontserbazio-batzordea\/\",\"url\":\"https:\/\/poligonosanmartin.eus\/eu\/kontserbazio-batzordea\/\",\"name\":\"Kontserbazio Batzordea - Pol\u00edgono San Mart\u00edn\",\"isPartOf\":{\"@id\":\"https:\/\/poligonosanmartin.eus\/#website\"},\"datePublished\":\"2021-07-30T10:55:11+00:00\",\"dateModified\":\"2021-08-03T10:04:23+00:00\",\"breadcrumb\":{\"@id\":\"https:\/\/poligonosanmartin.eus\/eu\/kontserbazio-batzordea\/#breadcrumb\"},\"inLanguage\":\"eu-ES\",\"potentialAction\":[{\"@type\":\"ReadAction\",\"target\":[\"https:\/\/poligonosanmartin.eus\/eu\/kontserbazio-batzordea\/\"]}]},{\"@type\":\"BreadcrumbList\",\"@id\":\"https:\/\/poligonosanmartin.eus\/eu\/kontserbazio-batzordea\/#breadcrumb\",\"itemListElement\":[{\"@type\":\"ListItem\",\"position\":1,\"name\":\"Portada\",\"item\":\"https:\/\/poligonosanmartin.eus\/eu\/poligono-industrial-san-martin\/\"},{\"@type\":\"ListItem\",\"position\":2,\"name\":\"Kontserbazio Batzordea\"}]},{\"@type\":\"WebSite\",\"@id\":\"https:\/\/poligonosanmartin.eus\/#website\",\"url\":\"https:\/\/poligonosanmartin.eus\/\",\"name\":\"Pol\u00edgono San Mart\u00edn\",\"description\":\"Pol\u00edgono Industrial San Mart\u00edn en Muskiz\",\"publisher\":{\"@id\":\"https:\/\/poligonosanmartin.eus\/#organization\"},\"potentialAction\":[{\"@type\":\"SearchAction\",\"target\":{\"@type\":\"EntryPoint\",\"urlTemplate\":\"https:\/\/poligonosanmartin.eus\/?s={search_term_string}\"},\"query-input\":{\"@type\":\"PropertyValueSpecification\",\"valueRequired\":true,\"valueName\":\"search_term_string\"}}],\"inLanguage\":\"eu-ES\"},{\"@type\":\"Organization\",\"@id\":\"https:\/\/poligonosanmartin.eus\/#organization\",\"name\":\"Poligono San Martin\",\"url\":\"https:\/\/poligonosanmartin.eus\/\",\"logo\":{\"@type\":\"ImageObject\",\"inLanguage\":\"eu-ES\",\"@id\":\"https:\/\/poligonosanmartin.eus\/#\/schema\/logo\/image\/\",\"url\":\"http:\/\/poligonosanmartin.eus\/wp-content\/uploads\/2021\/07\/poligono-san-martin-logox2.png\",\"contentUrl\":\"http:\/\/poligonosanmartin.eus\/wp-content\/uploads\/2021\/07\/poligono-san-martin-logox2.png\",\"width\":600,\"height\":125,\"caption\":\"Poligono San Martin\"},\"image\":{\"@id\":\"https:\/\/poligonosanmartin.eus\/#\/schema\/logo\/image\/\"}}]}<\/script>\n<!-- \/ Yoast SEO plugin. -->","yoast_head_json":{"title":"Kontserbazio Batzordea - Pol\u00edgono San Mart\u00edn","robots":{"index":"index","follow":"follow","max-snippet":"max-snippet:-1","max-image-preview":"max-image-preview:large","max-video-preview":"max-video-preview:-1"},"canonical":"https:\/\/poligonosanmartin.eus\/eu\/kontserbazio-batzordea\/","og_locale":"eu_ES","og_type":"article","og_title":"Kontserbazio Batzordea - Pol\u00edgono San Mart\u00edn","og_url":"https:\/\/poligonosanmartin.eus\/eu\/kontserbazio-batzordea\/","og_site_name":"Pol\u00edgono San Mart\u00edn","article_modified_time":"2021-08-03T10:04:23+00:00","twitter_card":"summary_large_image","twitter_misc":{"Est. reading time":"3 minutes"},"schema":{"@context":"https:\/\/schema.org","@graph":[{"@type":"WebPage","@id":"https:\/\/poligonosanmartin.eus\/eu\/kontserbazio-batzordea\/","url":"https:\/\/poligonosanmartin.eus\/eu\/kontserbazio-batzordea\/","name":"Kontserbazio Batzordea - Pol\u00edgono San Mart\u00edn","isPartOf":{"@id":"https:\/\/poligonosanmartin.eus\/#website"},"datePublished":"2021-07-30T10:55:11+00:00","dateModified":"2021-08-03T10:04:23+00:00","breadcrumb":{"@id":"https:\/\/poligonosanmartin.eus\/eu\/kontserbazio-batzordea\/#breadcrumb"},"inLanguage":"eu-ES","potentialAction":[{"@type":"ReadAction","target":["https:\/\/poligonosanmartin.eus\/eu\/kontserbazio-batzordea\/"]}]},{"@type":"BreadcrumbList","@id":"https:\/\/poligonosanmartin.eus\/eu\/kontserbazio-batzordea\/#breadcrumb","itemListElement":[{"@type":"ListItem","position":1,"name":"Portada","item":"https:\/\/poligonosanmartin.eus\/eu\/poligono-industrial-san-martin\/"},{"@type":"ListItem","position":2,"name":"Kontserbazio Batzordea"}]},{"@type":"WebSite","@id":"https:\/\/poligonosanmartin.eus\/#website","url":"https:\/\/poligonosanmartin.eus\/","name":"Pol\u00edgono San Mart\u00edn","description":"Pol\u00edgono Industrial San Mart\u00edn en Muskiz","publisher":{"@id":"https:\/\/poligonosanmartin.eus\/#organization"},"potentialAction":[{"@type":"SearchAction","target":{"@type":"EntryPoint","urlTemplate":"https:\/\/poligonosanmartin.eus\/?s={search_term_string}"},"query-input":{"@type":"PropertyValueSpecification","valueRequired":true,"valueName":"search_term_string"}}],"inLanguage":"eu-ES"},{"@type":"Organization","@id":"https:\/\/poligonosanmartin.eus\/#organization","name":"Poligono San Martin","url":"https:\/\/poligonosanmartin.eus\/","logo":{"@type":"ImageObject","inLanguage":"eu-ES","@id":"https:\/\/poligonosanmartin.eus\/#\/schema\/logo\/image\/","url":"http:\/\/poligonosanmartin.eus\/wp-content\/uploads\/2021\/07\/poligono-san-martin-logox2.png","contentUrl":"http:\/\/poligonosanmartin.eus\/wp-content\/uploads\/2021\/07\/poligono-san-martin-logox2.png","width":600,"height":125,"caption":"Poligono San Martin"},"image":{"@id":"https:\/\/poligonosanmartin.eus\/#\/schema\/logo\/image\/"}}]}},"_links":{"self":[{"href":"https:\/\/poligonosanmartin.eus\/eu\/wp-json\/wp\/v2\/pages\/428","targetHints":{"allow":["GET"]}}],"collection":[{"href":"https:\/\/poligonosanmartin.eus\/eu\/wp-json\/wp\/v2\/pages"}],"about":[{"href":"https:\/\/poligonosanmartin.eus\/eu\/wp-json\/wp\/v2\/types\/page"}],"author":[{"embeddable":true,"href":"https:\/\/poligonosanmartin.eus\/eu\/wp-json\/wp\/v2\/users\/1"}],"replies":[{"embeddable":true,"href":"https:\/\/poligonosanmartin.eus\/eu\/wp-json\/wp\/v2\/comments?post=428"}],"version-history":[{"count":5,"href":"https:\/\/poligonosanmartin.eus\/eu\/wp-json\/wp\/v2\/pages\/428\/revisions"}],"predecessor-version":[{"id":489,"href":"https:\/\/poligonosanmartin.eus\/eu\/wp-json\/wp\/v2\/pages\/428\/revisions\/489"}],"wp:attachment":[{"href":"https:\/\/poligonosanmartin.eus\/eu\/wp-json\/wp\/v2\/media?parent=428"}],"curies":[{"name":"wp","href":"https:\/\/api.w.org\/{rel}","templated":true}]}}